{"id":662,"date":"2022-04-24T08:44:23","date_gmt":"2022-04-24T08:44:23","guid":{"rendered":"http:\/\/kiga-prappach.de\/?page_id=662"},"modified":"2022-04-24T08:55:27","modified_gmt":"2022-04-24T08:55:27","slug":"impressum","status":"publish","type":"page","link":"https:\/\/kiga-prappach.de\/?page_id=662","title":{"rendered":"Impressum"},"content":{"rendered":"\t\t<div data-elementor-type=\"wp-page\" data-elementor-id=\"662\" class=\"elementor elementor-662\">\n\t\t\t\t\t\t<section class=\"elementor-section elementor-top-section elementor-element elementor-element-7d57bbf elementor-section-boxed elementor-section-height-default elementor-section-height-default\" data-id=\"7d57bbf\" data-element_type=\"section\">\n\t\t\t\t\t\t<div class=\"elementor-container elementor-column-gap-default\">\n\t\t\t\t\t<div class=\"elementor-column elementor-col-100 elementor-top-column elementor-element elementor-element-c6be18e\" data-id=\"c6be18e\" data-element_type=\"column\">\n\t\t\t<div class=\"elementor-widget-wrap elementor-element-populated\">\n\t\t\t\t\t\t<div class=\"elementor-element elementor-element-88cb3c6 elementor-widget elementor-widget-text-editor\" data-id=\"88cb3c6\" data-element_type=\"widget\" data-widget_type=\"text-editor.default\">\n\t\t\t\t<div class=\"elementor-widget-container\">\n\t\t\t\t\t\t\t\t\t<h4>Kindergarten St. Michael<\/h4><h4>Wachth\u00fcgelstra\u00dfe 10<\/h4><h4>97437 Ha\u00dffurt Ortsteil Prappach<\/h4><h4>Tel: 09521 \/ 5557<br \/>E-Mail: info@kiga-prappach.de<br \/>Homepage: www.kiga-prappach.de<\/h4><h4><b>Tr\u00e4ger:\u00a0<\/b><br \/>Caritasverein St. Michael<br \/>1. Vorsitzende: Carolin Mayer<br \/>Wachth\u00fcgelstra\u00dfe 10<br \/>97437 Ha\u00dffurt Ortsteil Prappach<\/h4><h4>\u00a0<\/h4><div>\u00a0<\/div>\t\t\t\t\t\t\t\t<\/div>\n\t\t\t\t<\/div>\n\t\t\t\t\t<\/div>\n\t\t<\/div>\n\t\t\t\t\t<\/div>\n\t\t<\/section>\n\t\t\t\t<\/div>\n\t\t","protected":false},"excerpt":{"rendered":"<p>Kindergarten St. Michael Wachth\u00fcgelstra\u00dfe 10 97437 Ha\u00dffurt Ortsteil Prappach Tel: 09521 \/ 5557E-Mail: info@kiga-prappach.deHomepage: www.kiga-prappach.de Tr\u00e4ger:\u00a0Caritasverein St. Michael1. Vorsitzende: Carolin &hellip; <\/p>\n","protected":false},"author":1,"featured_media":0,"parent":0,"menu_order":0,"comment_status":"closed","ping_status":"closed","template":"elementor_header_footer","meta":{"inline_featured_image":false,"footnotes":""},"class_list":["post-662","page","type-page","status-publish","hentry","gallery-content-unit"],"yoast_head":"<!-- This site is optimized with the Yoast SEO plugin v26.6 - https:\/\/yoast.com\/wordpress\/plugins\/seo\/ -->\n<title>Impressum - Kindergarten St. Michael<\/title>\n<meta name=\"robots\" content=\"index, follow, max-snippet:-1, max-image-preview:large, max-video-preview:-1\" \/>\n<link rel=\"canonical\" href=\"https:\/\/kiga-prappach.de\/?page_id=662\" \/>\n<meta property=\"og:locale\" content=\"de_DE\" \/>\n<meta property=\"og:type\" content=\"article\" \/>\n<meta property=\"og:title\" content=\"Impressum - Kindergarten St. Michael\" \/>\n<meta property=\"og:description\" content=\"Kindergarten St. Michael Wachth\u00fcgelstra\u00dfe 10 97437 Ha\u00dffurt Ortsteil Prappach Tel: 09521 \/ 5557E-Mail: info@kiga-prappach.deHomepage: www.kiga-prappach.de Tr\u00e4ger:\u00a0Caritasverein St. Michael1. Vorsitzende: Carolin &hellip;\" \/>\n<meta property=\"og:url\" content=\"https:\/\/kiga-prappach.de\/?page_id=662\" \/>\n<meta property=\"og:site_name\" content=\"Kindergarten St. Michael\" \/>\n<meta property=\"article:modified_time\" content=\"2022-04-24T08:55:27+00:00\" \/>\n<meta name=\"twitter:card\" content=\"summary_large_image\" \/>\n<script type=\"application\/ld+json\" class=\"yoast-schema-graph\">{\"@context\":\"https:\/\/schema.org\",\"@graph\":[{\"@type\":\"WebPage\",\"@id\":\"https:\/\/kiga-prappach.de\/?page_id=662\",\"url\":\"https:\/\/kiga-prappach.de\/?page_id=662\",\"name\":\"Impressum - Kindergarten St. Michael\",\"isPartOf\":{\"@id\":\"https:\/\/kiga-prappach.de\/#website\"},\"datePublished\":\"2022-04-24T08:44:23+00:00\",\"dateModified\":\"2022-04-24T08:55:27+00:00\",\"breadcrumb\":{\"@id\":\"https:\/\/kiga-prappach.de\/?page_id=662#breadcrumb\"},\"inLanguage\":\"de\",\"potentialAction\":[{\"@type\":\"ReadAction\",\"target\":[\"https:\/\/kiga-prappach.de\/?page_id=662\"]}]},{\"@type\":\"BreadcrumbList\",\"@id\":\"https:\/\/kiga-prappach.de\/?page_id=662#breadcrumb\",\"itemListElement\":[{\"@type\":\"ListItem\",\"position\":1,\"name\":\"Startseite\",\"item\":\"https:\/\/kiga-prappach.de\/\"},{\"@type\":\"ListItem\",\"position\":2,\"name\":\"Impressum\"}]},{\"@type\":\"WebSite\",\"@id\":\"https:\/\/kiga-prappach.de\/#website\",\"url\":\"https:\/\/kiga-prappach.de\/\",\"name\":\"Kindergarten St. Michael\",\"description\":\"\",\"publisher\":{\"@id\":\"https:\/\/kiga-prappach.de\/#organization\"},\"potentialAction\":[{\"@type\":\"SearchAction\",\"target\":{\"@type\":\"EntryPoint\",\"urlTemplate\":\"https:\/\/kiga-prappach.de\/?s={search_term_string}\"},\"query-input\":{\"@type\":\"PropertyValueSpecification\",\"valueRequired\":true,\"valueName\":\"search_term_string\"}}],\"inLanguage\":\"de\"},{\"@type\":\"Organization\",\"@id\":\"https:\/\/kiga-prappach.de\/#organization\",\"name\":\"Kindergarten St. Michael\",\"url\":\"https:\/\/kiga-prappach.de\/\",\"logo\":{\"@type\":\"ImageObject\",\"inLanguage\":\"de\",\"@id\":\"https:\/\/kiga-prappach.de\/#\/schema\/logo\/image\/\",\"url\":\"https:\/\/kiga-prappach.de\/wp-content\/uploads\/2021\/02\/cropped-cropped-Icon-Website-e1614960864949.jpg\",\"contentUrl\":\"https:\/\/kiga-prappach.de\/wp-content\/uploads\/2021\/02\/cropped-cropped-Icon-Website-e1614960864949.jpg\",\"width\":50,\"height\":50,\"caption\":\"Kindergarten St. Michael\"},\"image\":{\"@id\":\"https:\/\/kiga-prappach.de\/#\/schema\/logo\/image\/\"}}]}<\/script>\n<!-- \/ Yoast SEO plugin. -->","yoast_head_json":{"title":"Impressum - Kindergarten St. Michael","robots":{"index":"index","follow":"follow","max-snippet":"max-snippet:-1","max-image-preview":"max-image-preview:large","max-video-preview":"max-video-preview:-1"},"canonical":"https:\/\/kiga-prappach.de\/?page_id=662","og_locale":"de_DE","og_type":"article","og_title":"Impressum - Kindergarten St. Michael","og_description":"Kindergarten St. Michael Wachth\u00fcgelstra\u00dfe 10 97437 Ha\u00dffurt Ortsteil Prappach Tel: 09521 \/ 5557E-Mail: info@kiga-prappach.deHomepage: www.kiga-prappach.de Tr\u00e4ger:\u00a0Caritasverein St. Michael1. Vorsitzende: Carolin &hellip;","og_url":"https:\/\/kiga-prappach.de\/?page_id=662","og_site_name":"Kindergarten St. Michael","article_modified_time":"2022-04-24T08:55:27+00:00","twitter_card":"summary_large_image","schema":{"@context":"https:\/\/schema.org","@graph":[{"@type":"WebPage","@id":"https:\/\/kiga-prappach.de\/?page_id=662","url":"https:\/\/kiga-prappach.de\/?page_id=662","name":"Impressum - Kindergarten St. Michael","isPartOf":{"@id":"https:\/\/kiga-prappach.de\/#website"},"datePublished":"2022-04-24T08:44:23+00:00","dateModified":"2022-04-24T08:55:27+00:00","breadcrumb":{"@id":"https:\/\/kiga-prappach.de\/?page_id=662#breadcrumb"},"inLanguage":"de","potentialAction":[{"@type":"ReadAction","target":["https:\/\/kiga-prappach.de\/?page_id=662"]}]},{"@type":"BreadcrumbList","@id":"https:\/\/kiga-prappach.de\/?page_id=662#breadcrumb","itemListElement":[{"@type":"ListItem","position":1,"name":"Startseite","item":"https:\/\/kiga-prappach.de\/"},{"@type":"ListItem","position":2,"name":"Impressum"}]},{"@type":"WebSite","@id":"https:\/\/kiga-prappach.de\/#website","url":"https:\/\/kiga-prappach.de\/","name":"Kindergarten St. Michael","description":"","publisher":{"@id":"https:\/\/kiga-prappach.de\/#organization"},"potentialAction":[{"@type":"SearchAction","target":{"@type":"EntryPoint","urlTemplate":"https:\/\/kiga-prappach.de\/?s={search_term_string}"},"query-input":{"@type":"PropertyValueSpecification","valueRequired":true,"valueName":"search_term_string"}}],"inLanguage":"de"},{"@type":"Organization","@id":"https:\/\/kiga-prappach.de\/#organization","name":"Kindergarten St. Michael","url":"https:\/\/kiga-prappach.de\/","logo":{"@type":"ImageObject","inLanguage":"de","@id":"https:\/\/kiga-prappach.de\/#\/schema\/logo\/image\/","url":"https:\/\/kiga-prappach.de\/wp-content\/uploads\/2021\/02\/cropped-cropped-Icon-Website-e1614960864949.jpg","contentUrl":"https:\/\/kiga-prappach.de\/wp-content\/uploads\/2021\/02\/cropped-cropped-Icon-Website-e1614960864949.jpg","width":50,"height":50,"caption":"Kindergarten St. Michael"},"image":{"@id":"https:\/\/kiga-prappach.de\/#\/schema\/logo\/image\/"}}]}},"jetpack_sharing_enabled":true,"_links":{"self":[{"href":"https:\/\/kiga-prappach.de\/index.php?rest_route=\/wp\/v2\/pages\/662","targetHints":{"allow":["GET"]}}],"collection":[{"href":"https:\/\/kiga-prappach.de\/index.php?rest_route=\/wp\/v2\/pages"}],"about":[{"href":"https:\/\/kiga-prappach.de\/index.php?rest_route=\/wp\/v2\/types\/page"}],"author":[{"embeddable":true,"href":"https:\/\/kiga-prappach.de\/index.php?rest_route=\/wp\/v2\/users\/1"}],"replies":[{"embeddable":true,"href":"https:\/\/kiga-prappach.de\/index.php?rest_route=%2Fwp%2Fv2%2Fcomments&post=662"}],"version-history":[{"count":4,"href":"https:\/\/kiga-prappach.de\/index.php?rest_route=\/wp\/v2\/pages\/662\/revisions"}],"predecessor-version":[{"id":666,"href":"https:\/\/kiga-prappach.de\/index.php?rest_route=\/wp\/v2\/pages\/662\/revisions\/666"}],"wp:attachment":[{"href":"https:\/\/kiga-prappach.de\/index.php?rest_route=%2Fwp%2Fv2%2Fmedia&parent=662"}],"curies":[{"name":"wp","href":"https:\/\/api.w.org\/{rel}","templated":true}]}}