{"id":54,"date":"2021-02-27T11:38:44","date_gmt":"2021-02-27T11:38:44","guid":{"rendered":"https:\/\/kindergartenwiki.de\/?page_id=54"},"modified":"2021-05-11T08:39:15","modified_gmt":"2021-05-11T08:39:15","slug":"unser-tagesablauf","status":"publish","type":"page","link":"https:\/\/kiga-prappach.de\/?page_id=54","title":{"rendered":"Unser Tagesablauf"},"content":{"rendered":"\n<div class=\"wp-block-group\"><div class=\"wp-block-group__inner-container is-layout-flow wp-block-group-is-layout-flow\">\n<p class=\"has-text-color\" style=\"color:#0d7faf\">7.15 &#8211; 9.00 Uhr:           <\/p>\n\n\n\n<p class=\"has-text-color\" style=\"color:#0d7faf\">Hier ist unsere Bring-Zeit. Wir begr\u00fc\u00dfen uns. Die Kinder k\u00f6nnen in Ruhe&nbsp;<\/p>\n\n\n\n<p class=\"has-text-color\" style=\"color:#0d7faf\">ankommen und ins Freispiel \u00fcbergehen. Wir spielen gemeinsam mit den&nbsp;<\/p>\n\n\n\n<p class=\"has-text-color\" style=\"color:#0d7faf\">Kindern, bieten Bastelangebote an, die Kinder k\u00f6nnen beim Zubereiten<\/p>\n\n\n\n<p class=\"has-text-color\" style=\"color:#0d7faf\">der Lebensmittel helfen, z.B. am Koch- und Backtag, beim gesunden Fr\u00fchst\u00fcck.<\/p>\n\n\n\n<p><\/p>\n\n\n\n<p class=\"has-text-color\" style=\"color:#5700a3\">9.00 &#8211; 9.30 Uhr:          <\/p>\n\n\n\n<p class=\"has-text-color\" style=\"color:#5700a3\">Am Ende der Freispielzeit machen wir mit den Kindern einen Morgenkreis. <\/p>\n\n\n\n<p class=\"has-text-color\" style=\"color:#5700a3\">Bis alle Kinder im Nebenzimmer angekommen sind, singen wir gemeinsam<\/p>\n\n\n\n<p class=\"has-text-color\" style=\"color:#5700a3\">Lieder und spielen Kreisspiele. Dann begr\u00fc\u00dfen wir uns mit einem Lied und<\/p>\n\n\n\n<p class=\"has-text-color\" style=\"color:#5700a3\">sprechen ein Tagesgebet. Wir lesen meist einen Teil einer Geschichte, die <\/p>\n\n\n\n<p class=\"has-text-color\" style=\"color:#5700a3\">sich die Kinder ausgesucht haben. Wir besprechen den Wochentag, die <\/p>\n\n\n\n<p class=\"has-text-color\" style=\"color:#5700a3\">Jahreszeit, das Datum und das Wetter. Die Kinder k\u00f6nnen hier auch erz\u00e4hlen, <\/p>\n\n\n\n<p class=\"has-text-color\" style=\"color:#5700a3\">was sie bewegt, was sie erlebt haben. <\/p>\n\n\n\n<p><\/p>\n\n\n\n<p class=\"has-text-color\" style=\"color:#a30054\">9.30 &#8211; 10.00 Uhr<\/p>\n\n\n\n<div class=\"wp-block-image is-style-default\"><figure class=\"alignright size-large is-resized\"><img decoding=\"async\" src=\"https:\/\/kindergartenwiki.de\/wp-content\/uploads\/2021\/03\/IMG_7963-1-1024x768.jpg\" alt=\"\" class=\"wp-image-182\" width=\"151\" height=\"113\" srcset=\"https:\/\/kiga-prappach.de\/wp-content\/uploads\/2021\/03\/IMG_7963-1-1024x768.jpg 1024w, https:\/\/kiga-prappach.de\/wp-content\/uploads\/2021\/03\/IMG_7963-1-300x225.jpg 300w, https:\/\/kiga-prappach.de\/wp-content\/uploads\/2021\/03\/IMG_7963-1-768x576.jpg 768w, https:\/\/kiga-prappach.de\/wp-content\/uploads\/2021\/03\/IMG_7963-1-1536x1152.jpg 1536w, https:\/\/kiga-prappach.de\/wp-content\/uploads\/2021\/03\/IMG_7963-1-2048x1536.jpg 2048w\" sizes=\"(max-width: 151px) 100vw, 151px\" \/><\/figure><\/div>\n\n\n\n<p class=\"has-text-color\" style=\"color:#a30054\">Nach dem Morgenkreis gehen wir mit den Kindern gemeinsam H\u00e4ndewaschen, <\/p>\n\n\n\n<p class=\"has-text-color\" style=\"color:#a30054\">holen die Taschen und setzten uns zum Essen an den Tisch. Wir beginnen das<\/p>\n\n\n\n<p class=\"has-text-color\" style=\"color:#a30054\">Essen mit einem Gebet. <\/p>\n\n\n\n<p><\/p>\n\n\n\n<p class=\"has-text-color\" style=\"color:#096b32\">10.00  &#8211; 12.30 Uhr<\/p>\n\n\n\n<p class=\"has-text-color\" style=\"color:#096b32\">In dieser Zeit haben die Kinder wieder die M\u00f6glichkeit, ausgiebig zu spielen.&nbsp;<\/p>\n\n\n\n<p class=\"has-text-color\" style=\"color:#096b32\">Bei guten Wetter gehen wir hinaus in den Hof und fahren R\u00e4dchen, oder gehen<\/p>\n\n\n\n<p class=\"has-text-color\" style=\"color:#096b32\">in den Garten, um zu schaukeln und im Sand zu spielen. In diesem Zeitraum&nbsp;<\/p>\n\n\n\n<p class=\"has-text-color\" style=\"color:#096b32\">machen wir auch mit den Vorschulkindern Vorschule, bieten Bastelangebote an,&nbsp;<\/p>\n\n\n\n<p class=\"has-text-color\" style=\"color:#096b32\">bereiten am Koch- und Backtag das Essen zu, gehen in den Wald, in die&nbsp;<\/p>\n\n\n\n<p class=\"has-text-color\" style=\"color:#096b32\">Turnhalle. Die Kinder bekommen so ein abwechslungsreiches Angebot,&nbsp;<\/p>\n\n\n\n<p class=\"has-text-color\" style=\"color:#096b32\">um sich beim Spielen oder bei gezielten Angeboten gut entfalten zu k\u00f6nnen.&nbsp;<\/p>\n\n\n\n<p class=\"has-text-color\" style=\"color:#096b32\">Bei schlechtem Wetter machen wir einen gemeinsamen Stuhlkreis.<\/p>\n\n\n\n<p class=\"has-text-color\" style=\"color:#096b32\">Mit den Kindern die schlafen, essen wir um 11.45 Uhr zu Mittag und legen sie im <\/p>\n\n\n\n<p class=\"has-text-color\" style=\"color:#096b32\">Anschluss ins Bett im Nebenzimmer. <\/p>\n\n\n\n<p><\/p>\n\n\n\n<p class=\"has-text-color\" style=\"color:#3015a5\">12.30 &#8211; 13.00 Uhr<\/p>\n\n\n\n<p class=\"has-text-color\" style=\"color:#3015a5\">Wir essen mit den Kindern gemeinsam zu Mittag. <\/p>\n\n\n\n<p class=\"has-text-color\" style=\"color:#3015a5\">Wenn ihr Kind warmes&nbsp; Mittagessen dabei hat, erw\u00e4rmen wir das kurz vorher.&nbsp;<\/p>\n\n\n\n<p><\/p>\n\n\n\n<p class=\"has-text-color\" style=\"color:#9e00a3\">13.00 &#8211; 14.30 Uhr<\/p>\n\n\n\n<p class=\"has-text-color\" style=\"color:#9e00a3\">Die Kinder haben hier wieder die Gelegenheit miteinander und mit uns zu&nbsp;<\/p>\n\n\n\n<p class=\"has-text-color\" style=\"color:#9e00a3\">spielen. Wir machen mit ihnen Tischspiele, lesen ihnen B\u00fccher vor, malen&nbsp;<\/p>\n\n\n\n<p class=\"has-text-color\" style=\"color:#9e00a3\">gemeinsam. <\/p>\n\n\n\n<p><\/p>\n\n\n\n<p class=\"has-text-color\" style=\"color:#1290c6\">14.30 Uhr &#8211; 14.45 \/ 15.45 Uhr<\/p>\n\n\n\n<p class=\"has-text-color\" style=\"color:#1290c6\">Wir bieten den Kindern noch einmal die M\u00f6glichkeit an, etwas zu essen.<\/p>\n\n\n\n<p class=\"has-text-color\" style=\"color:#1290c6\">Wenn m\u00f6glich gehen wir dann noch einmal in den Garten\/Hof oder spielen und bereiten die Gruppe\u00a0<\/p>\n\n\n\n<p class=\"has-text-color\" style=\"color:#1290c6\">wieder f\u00fcr den neuen Tag vor. &nbsp;<\/p>\n<\/div><\/div>\n\n\n\n<p><\/p>\n","protected":false},"excerpt":{"rendered":"<p>7.15 &#8211; 9.00 Uhr: Hier ist unsere Bring-Zeit. Wir begr\u00fc\u00dfen uns. Die Kinder k\u00f6nnen in Ruhe&nbsp; ankommen und ins Freispiel &hellip; <\/p>\n","protected":false},"author":1,"featured_media":0,"parent":0,"menu_order":0,"comment_status":"closed","ping_status":"closed","template":"","meta":{"inline_featured_image":false,"footnotes":""},"class_list":["post-54","page","type-page","status-publish","hentry","gallery-content-unit"],"yoast_head":"<!-- This site is optimized with the Yoast SEO plugin v26.6 - https:\/\/yoast.com\/wordpress\/plugins\/seo\/ -->\n<title>Unser Tagesablauf - Kindergarten St. Michael<\/title>\n<meta name=\"robots\" content=\"index, follow, max-snippet:-1, max-image-preview:large, max-video-preview:-1\" \/>\n<link rel=\"canonical\" href=\"https:\/\/kiga-prappach.de\/?page_id=54\" \/>\n<meta property=\"og:locale\" content=\"de_DE\" \/>\n<meta property=\"og:type\" content=\"article\" \/>\n<meta property=\"og:title\" content=\"Unser Tagesablauf - Kindergarten St. Michael\" \/>\n<meta property=\"og:description\" content=\"7.15 &#8211; 9.00 Uhr: Hier ist unsere Bring-Zeit. Wir begr\u00fc\u00dfen uns. Die Kinder k\u00f6nnen in Ruhe&nbsp; ankommen und ins Freispiel &hellip;\" \/>\n<meta property=\"og:url\" content=\"https:\/\/kiga-prappach.de\/?page_id=54\" \/>\n<meta property=\"og:site_name\" content=\"Kindergarten St. Michael\" \/>\n<meta property=\"article:modified_time\" content=\"2021-05-11T08:39:15+00:00\" \/>\n<meta property=\"og:image\" content=\"https:\/\/kiga-prappach.de\/wp-content\/uploads\/2021\/03\/IMG_7963-1-scaled.jpg\" \/>\n\t<meta property=\"og:image:width\" content=\"2560\" \/>\n\t<meta property=\"og:image:height\" content=\"1920\" \/>\n\t<meta property=\"og:image:type\" content=\"image\/jpeg\" \/>\n<meta name=\"twitter:card\" content=\"summary_large_image\" \/>\n<meta name=\"twitter:label1\" content=\"Gesch\u00e4tzte Lesezeit\" \/>\n\t<meta name=\"twitter:data1\" content=\"2\u00a0Minuten\" \/>\n<script type=\"application\/ld+json\" class=\"yoast-schema-graph\">{\"@context\":\"https:\/\/schema.org\",\"@graph\":[{\"@type\":\"WebPage\",\"@id\":\"https:\/\/kiga-prappach.de\/?page_id=54\",\"url\":\"https:\/\/kiga-prappach.de\/?page_id=54\",\"name\":\"Unser Tagesablauf - Kindergarten St. Michael\",\"isPartOf\":{\"@id\":\"https:\/\/kiga-prappach.de\/#website\"},\"primaryImageOfPage\":{\"@id\":\"https:\/\/kiga-prappach.de\/?page_id=54#primaryimage\"},\"image\":{\"@id\":\"https:\/\/kiga-prappach.de\/?page_id=54#primaryimage\"},\"thumbnailUrl\":\"https:\/\/kindergartenwiki.de\/wp-content\/uploads\/2021\/03\/IMG_7963-1-1024x768.jpg\",\"datePublished\":\"2021-02-27T11:38:44+00:00\",\"dateModified\":\"2021-05-11T08:39:15+00:00\",\"breadcrumb\":{\"@id\":\"https:\/\/kiga-prappach.de\/?page_id=54#breadcrumb\"},\"inLanguage\":\"de\",\"potentialAction\":[{\"@type\":\"ReadAction\",\"target\":[\"https:\/\/kiga-prappach.de\/?page_id=54\"]}]},{\"@type\":\"ImageObject\",\"inLanguage\":\"de\",\"@id\":\"https:\/\/kiga-prappach.de\/?page_id=54#primaryimage\",\"url\":\"https:\/\/kindergartenwiki.de\/wp-content\/uploads\/2021\/03\/IMG_7963-1-1024x768.jpg\",\"contentUrl\":\"https:\/\/kindergartenwiki.de\/wp-content\/uploads\/2021\/03\/IMG_7963-1-1024x768.jpg\"},{\"@type\":\"BreadcrumbList\",\"@id\":\"https:\/\/kiga-prappach.de\/?page_id=54#breadcrumb\",\"itemListElement\":[{\"@type\":\"ListItem\",\"position\":1,\"name\":\"Startseite\",\"item\":\"https:\/\/kiga-prappach.de\/\"},{\"@type\":\"ListItem\",\"position\":2,\"name\":\"Unser Tagesablauf\"}]},{\"@type\":\"WebSite\",\"@id\":\"https:\/\/kiga-prappach.de\/#website\",\"url\":\"https:\/\/kiga-prappach.de\/\",\"name\":\"Kindergarten St. Michael\",\"description\":\"\",\"publisher\":{\"@id\":\"https:\/\/kiga-prappach.de\/#organization\"},\"potentialAction\":[{\"@type\":\"SearchAction\",\"target\":{\"@type\":\"EntryPoint\",\"urlTemplate\":\"https:\/\/kiga-prappach.de\/?s={search_term_string}\"},\"query-input\":{\"@type\":\"PropertyValueSpecification\",\"valueRequired\":true,\"valueName\":\"search_term_string\"}}],\"inLanguage\":\"de\"},{\"@type\":\"Organization\",\"@id\":\"https:\/\/kiga-prappach.de\/#organization\",\"name\":\"Kindergarten St. Michael\",\"url\":\"https:\/\/kiga-prappach.de\/\",\"logo\":{\"@type\":\"ImageObject\",\"inLanguage\":\"de\",\"@id\":\"https:\/\/kiga-prappach.de\/#\/schema\/logo\/image\/\",\"url\":\"https:\/\/kiga-prappach.de\/wp-content\/uploads\/2021\/02\/cropped-cropped-Icon-Website-e1614960864949.jpg\",\"contentUrl\":\"https:\/\/kiga-prappach.de\/wp-content\/uploads\/2021\/02\/cropped-cropped-Icon-Website-e1614960864949.jpg\",\"width\":50,\"height\":50,\"caption\":\"Kindergarten St. Michael\"},\"image\":{\"@id\":\"https:\/\/kiga-prappach.de\/#\/schema\/logo\/image\/\"}}]}<\/script>\n<!-- \/ Yoast SEO plugin. -->","yoast_head_json":{"title":"Unser Tagesablauf - Kindergarten St. Michael","robots":{"index":"index","follow":"follow","max-snippet":"max-snippet:-1","max-image-preview":"max-image-preview:large","max-video-preview":"max-video-preview:-1"},"canonical":"https:\/\/kiga-prappach.de\/?page_id=54","og_locale":"de_DE","og_type":"article","og_title":"Unser Tagesablauf - Kindergarten St. Michael","og_description":"7.15 &#8211; 9.00 Uhr: Hier ist unsere Bring-Zeit. Wir begr\u00fc\u00dfen uns. Die Kinder k\u00f6nnen in Ruhe&nbsp; ankommen und ins Freispiel &hellip;","og_url":"https:\/\/kiga-prappach.de\/?page_id=54","og_site_name":"Kindergarten St. Michael","article_modified_time":"2021-05-11T08:39:15+00:00","og_image":[{"width":2560,"height":1920,"url":"https:\/\/kiga-prappach.de\/wp-content\/uploads\/2021\/03\/IMG_7963-1-scaled.jpg","type":"image\/jpeg"}],"twitter_card":"summary_large_image","twitter_misc":{"Gesch\u00e4tzte Lesezeit":"2\u00a0Minuten"},"schema":{"@context":"https:\/\/schema.org","@graph":[{"@type":"WebPage","@id":"https:\/\/kiga-prappach.de\/?page_id=54","url":"https:\/\/kiga-prappach.de\/?page_id=54","name":"Unser Tagesablauf - Kindergarten St. Michael","isPartOf":{"@id":"https:\/\/kiga-prappach.de\/#website"},"primaryImageOfPage":{"@id":"https:\/\/kiga-prappach.de\/?page_id=54#primaryimage"},"image":{"@id":"https:\/\/kiga-prappach.de\/?page_id=54#primaryimage"},"thumbnailUrl":"https:\/\/kindergartenwiki.de\/wp-content\/uploads\/2021\/03\/IMG_7963-1-1024x768.jpg","datePublished":"2021-02-27T11:38:44+00:00","dateModified":"2021-05-11T08:39:15+00:00","breadcrumb":{"@id":"https:\/\/kiga-prappach.de\/?page_id=54#breadcrumb"},"inLanguage":"de","potentialAction":[{"@type":"ReadAction","target":["https:\/\/kiga-prappach.de\/?page_id=54"]}]},{"@type":"ImageObject","inLanguage":"de","@id":"https:\/\/kiga-prappach.de\/?page_id=54#primaryimage","url":"https:\/\/kindergartenwiki.de\/wp-content\/uploads\/2021\/03\/IMG_7963-1-1024x768.jpg","contentUrl":"https:\/\/kindergartenwiki.de\/wp-content\/uploads\/2021\/03\/IMG_7963-1-1024x768.jpg"},{"@type":"BreadcrumbList","@id":"https:\/\/kiga-prappach.de\/?page_id=54#breadcrumb","itemListElement":[{"@type":"ListItem","position":1,"name":"Startseite","item":"https:\/\/kiga-prappach.de\/"},{"@type":"ListItem","position":2,"name":"Unser Tagesablauf"}]},{"@type":"WebSite","@id":"https:\/\/kiga-prappach.de\/#website","url":"https:\/\/kiga-prappach.de\/","name":"Kindergarten St. Michael","description":"","publisher":{"@id":"https:\/\/kiga-prappach.de\/#organization"},"potentialAction":[{"@type":"SearchAction","target":{"@type":"EntryPoint","urlTemplate":"https:\/\/kiga-prappach.de\/?s={search_term_string}"},"query-input":{"@type":"PropertyValueSpecification","valueRequired":true,"valueName":"search_term_string"}}],"inLanguage":"de"},{"@type":"Organization","@id":"https:\/\/kiga-prappach.de\/#organization","name":"Kindergarten St. Michael","url":"https:\/\/kiga-prappach.de\/","logo":{"@type":"ImageObject","inLanguage":"de","@id":"https:\/\/kiga-prappach.de\/#\/schema\/logo\/image\/","url":"https:\/\/kiga-prappach.de\/wp-content\/uploads\/2021\/02\/cropped-cropped-Icon-Website-e1614960864949.jpg","contentUrl":"https:\/\/kiga-prappach.de\/wp-content\/uploads\/2021\/02\/cropped-cropped-Icon-Website-e1614960864949.jpg","width":50,"height":50,"caption":"Kindergarten St. Michael"},"image":{"@id":"https:\/\/kiga-prappach.de\/#\/schema\/logo\/image\/"}}]}},"jetpack_sharing_enabled":true,"_links":{"self":[{"href":"https:\/\/kiga-prappach.de\/index.php?rest_route=\/wp\/v2\/pages\/54","targetHints":{"allow":["GET"]}}],"collection":[{"href":"https:\/\/kiga-prappach.de\/index.php?rest_route=\/wp\/v2\/pages"}],"about":[{"href":"https:\/\/kiga-prappach.de\/index.php?rest_route=\/wp\/v2\/types\/page"}],"author":[{"embeddable":true,"href":"https:\/\/kiga-prappach.de\/index.php?rest_route=\/wp\/v2\/users\/1"}],"replies":[{"embeddable":true,"href":"https:\/\/kiga-prappach.de\/index.php?rest_route=%2Fwp%2Fv2%2Fcomments&post=54"}],"version-history":[{"count":10,"href":"https:\/\/kiga-prappach.de\/index.php?rest_route=\/wp\/v2\/pages\/54\/revisions"}],"predecessor-version":[{"id":532,"href":"https:\/\/kiga-prappach.de\/index.php?rest_route=\/wp\/v2\/pages\/54\/revisions\/532"}],"wp:attachment":[{"href":"https:\/\/kiga-prappach.de\/index.php?rest_route=%2Fwp%2Fv2%2Fmedia&parent=54"}],"curies":[{"name":"wp","href":"https:\/\/api.w.org\/{rel}","templated":true}]}}