{"id":219,"date":"2021-03-20T11:53:46","date_gmt":"2021-03-20T11:53:46","guid":{"rendered":"https:\/\/kindergartenwiki.de\/?page_id=219"},"modified":"2021-05-10T07:15:28","modified_gmt":"2021-05-10T07:15:28","slug":"zusammenarbeit-mit-den-eltern","status":"publish","type":"page","link":"https:\/\/kiga-prappach.de\/?page_id=219","title":{"rendered":"Zusammenarbeit mit den Eltern"},"content":{"rendered":"\n<p>Bildung und Erziehung fangen in der Familie an. Die Familie ist der erste, umfassendste, am l\u00e4ngsten und am st\u00e4rksten wirkende  Bildungsort von Kindern und in den ersten Lebensjahren der Wichtigste. Die Familie steuert und beeinflusst alle Bildungsprozessen.<\/p>\n\n\n\n<p>Eltern tragen die Hauptverantwortung f\u00fcr die Bildung und die Erziehung ihres Kindes. Pflege und Erziehung sind das nat\u00fcrliche Recht der Eltern und auch deren oberste Pflicht. <\/p>\n\n\n\n<p>Bei diesen wichtigen Aufgaben m\u00f6chten wir Sie mit unserer Arbeit im Kindergarten unterst\u00fctzen. Sie kennen Ihr Kind am Besten. Sie wissen, was ihm gut tut, was Ihr Kind gerne mag, sehen ihm sofort an, wenn etwas anders ist. <\/p>\n\n\n\n<p>Besonders wichtig ist uns deswegen ein enger Austausch mit ihnen als Eltern. <\/p>\n\n\n\n<p>Wir m\u00f6chten mit Ihnen regelm\u00e4\u00dfig ins Gespr\u00e4ch gehen und gemeinsam die n\u00e4chsten Schritte (z.B. beim &#8222;Sauber werden&#8220;) planen. Wir erz\u00e4hlen Ihnen Erlebnisse mit ihrem Kind, Erfolge, die es bei uns erreicht hat und freuen uns, gemeinsam mit Ihnen die Entwicklung ihres Kindes zu erleben und zu gestalten.<\/p>\n\n\n\n<p>Einmal im Jahr findet bei uns ein ausf\u00fchrliches Elterngespr\u00e4ch statt, in dem wir auf die einzelnen Entwicklungsbereiche eingehen und gemeinsam \u00fcberlegen, was Ihrem Kind noch guttun k\u00f6nnte, wie wir es zusammen unterst\u00fctzen k\u00f6nnen. <\/p>\n\n\n\n<p>Wenn Sie zus\u00e4tzlich ausf\u00fchrliche Gespr\u00e4che w\u00fcnschen, kommen Sie einfach auf uns zu, dann vereinbaren wir einen Termin.<\/p>\n\n\n\n<p>Gerne stellen wir unser Fachwissen zur Verf\u00fcgung, um Sie mit Anregungen und Ideen zu unterst\u00fctzen.<\/p>\n\n\n\n<p>Wir m\u00f6chten, dass auch Sie sich als Eltern bei uns wohlf\u00fchlen, die Kindergartenzeit Ihres Kindes genie\u00dfen k\u00f6nnen und sich sp\u00e4ter immer wieder gerne mit Ihrem Kind an diese Zeit zur\u00fcckerinnern. <\/p>\n","protected":false},"excerpt":{"rendered":"<p>Bildung und Erziehung fangen in der Familie an. Die Familie ist der erste, umfassendste, am l\u00e4ngsten und am st\u00e4rksten wirkende &hellip; <\/p>\n","protected":false},"author":1,"featured_media":0,"parent":0,"menu_order":0,"comment_status":"closed","ping_status":"closed","template":"","meta":{"inline_featured_image":false,"footnotes":""},"class_list":["post-219","page","type-page","status-publish","hentry","gallery-content-unit"],"yoast_head":"<!-- This site is optimized with the Yoast SEO plugin v26.6 - https:\/\/yoast.com\/wordpress\/plugins\/seo\/ -->\n<title>Zusammenarbeit mit den Eltern - Kindergarten St. Michael<\/title>\n<meta name=\"robots\" content=\"index, follow, max-snippet:-1, max-image-preview:large, max-video-preview:-1\" \/>\n<link rel=\"canonical\" href=\"https:\/\/kiga-prappach.de\/?page_id=219\" \/>\n<meta property=\"og:locale\" content=\"de_DE\" \/>\n<meta property=\"og:type\" content=\"article\" \/>\n<meta property=\"og:title\" content=\"Zusammenarbeit mit den Eltern - Kindergarten St. Michael\" \/>\n<meta property=\"og:description\" content=\"Bildung und Erziehung fangen in der Familie an. Die Familie ist der erste, umfassendste, am l\u00e4ngsten und am st\u00e4rksten wirkende &hellip;\" \/>\n<meta property=\"og:url\" content=\"https:\/\/kiga-prappach.de\/?page_id=219\" \/>\n<meta property=\"og:site_name\" content=\"Kindergarten St. Michael\" \/>\n<meta property=\"article:modified_time\" content=\"2021-05-10T07:15:28+00:00\" \/>\n<meta name=\"twitter:card\" content=\"summary_large_image\" \/>\n<meta name=\"twitter:label1\" content=\"Gesch\u00e4tzte Lesezeit\" \/>\n\t<meta name=\"twitter:data1\" content=\"1\u00a0Minute\" \/>\n<script type=\"application\/ld+json\" class=\"yoast-schema-graph\">{\"@context\":\"https:\/\/schema.org\",\"@graph\":[{\"@type\":\"WebPage\",\"@id\":\"https:\/\/kiga-prappach.de\/?page_id=219\",\"url\":\"https:\/\/kiga-prappach.de\/?page_id=219\",\"name\":\"Zusammenarbeit mit den Eltern - Kindergarten St. Michael\",\"isPartOf\":{\"@id\":\"https:\/\/kiga-prappach.de\/#website\"},\"datePublished\":\"2021-03-20T11:53:46+00:00\",\"dateModified\":\"2021-05-10T07:15:28+00:00\",\"breadcrumb\":{\"@id\":\"https:\/\/kiga-prappach.de\/?page_id=219#breadcrumb\"},\"inLanguage\":\"de\",\"potentialAction\":[{\"@type\":\"ReadAction\",\"target\":[\"https:\/\/kiga-prappach.de\/?page_id=219\"]}]},{\"@type\":\"BreadcrumbList\",\"@id\":\"https:\/\/kiga-prappach.de\/?page_id=219#breadcrumb\",\"itemListElement\":[{\"@type\":\"ListItem\",\"position\":1,\"name\":\"Startseite\",\"item\":\"https:\/\/kiga-prappach.de\/\"},{\"@type\":\"ListItem\",\"position\":2,\"name\":\"Zusammenarbeit mit den Eltern\"}]},{\"@type\":\"WebSite\",\"@id\":\"https:\/\/kiga-prappach.de\/#website\",\"url\":\"https:\/\/kiga-prappach.de\/\",\"name\":\"Kindergarten St. Michael\",\"description\":\"\",\"publisher\":{\"@id\":\"https:\/\/kiga-prappach.de\/#organization\"},\"potentialAction\":[{\"@type\":\"SearchAction\",\"target\":{\"@type\":\"EntryPoint\",\"urlTemplate\":\"https:\/\/kiga-prappach.de\/?s={search_term_string}\"},\"query-input\":{\"@type\":\"PropertyValueSpecification\",\"valueRequired\":true,\"valueName\":\"search_term_string\"}}],\"inLanguage\":\"de\"},{\"@type\":\"Organization\",\"@id\":\"https:\/\/kiga-prappach.de\/#organization\",\"name\":\"Kindergarten St. Michael\",\"url\":\"https:\/\/kiga-prappach.de\/\",\"logo\":{\"@type\":\"ImageObject\",\"inLanguage\":\"de\",\"@id\":\"https:\/\/kiga-prappach.de\/#\/schema\/logo\/image\/\",\"url\":\"https:\/\/kiga-prappach.de\/wp-content\/uploads\/2021\/02\/cropped-cropped-Icon-Website-e1614960864949.jpg\",\"contentUrl\":\"https:\/\/kiga-prappach.de\/wp-content\/uploads\/2021\/02\/cropped-cropped-Icon-Website-e1614960864949.jpg\",\"width\":50,\"height\":50,\"caption\":\"Kindergarten St. Michael\"},\"image\":{\"@id\":\"https:\/\/kiga-prappach.de\/#\/schema\/logo\/image\/\"}}]}<\/script>\n<!-- \/ Yoast SEO plugin. -->","yoast_head_json":{"title":"Zusammenarbeit mit den Eltern - Kindergarten St. Michael","robots":{"index":"index","follow":"follow","max-snippet":"max-snippet:-1","max-image-preview":"max-image-preview:large","max-video-preview":"max-video-preview:-1"},"canonical":"https:\/\/kiga-prappach.de\/?page_id=219","og_locale":"de_DE","og_type":"article","og_title":"Zusammenarbeit mit den Eltern - Kindergarten St. Michael","og_description":"Bildung und Erziehung fangen in der Familie an. Die Familie ist der erste, umfassendste, am l\u00e4ngsten und am st\u00e4rksten wirkende &hellip;","og_url":"https:\/\/kiga-prappach.de\/?page_id=219","og_site_name":"Kindergarten St. Michael","article_modified_time":"2021-05-10T07:15:28+00:00","twitter_card":"summary_large_image","twitter_misc":{"Gesch\u00e4tzte Lesezeit":"1\u00a0Minute"},"schema":{"@context":"https:\/\/schema.org","@graph":[{"@type":"WebPage","@id":"https:\/\/kiga-prappach.de\/?page_id=219","url":"https:\/\/kiga-prappach.de\/?page_id=219","name":"Zusammenarbeit mit den Eltern - Kindergarten St. Michael","isPartOf":{"@id":"https:\/\/kiga-prappach.de\/#website"},"datePublished":"2021-03-20T11:53:46+00:00","dateModified":"2021-05-10T07:15:28+00:00","breadcrumb":{"@id":"https:\/\/kiga-prappach.de\/?page_id=219#breadcrumb"},"inLanguage":"de","potentialAction":[{"@type":"ReadAction","target":["https:\/\/kiga-prappach.de\/?page_id=219"]}]},{"@type":"BreadcrumbList","@id":"https:\/\/kiga-prappach.de\/?page_id=219#breadcrumb","itemListElement":[{"@type":"ListItem","position":1,"name":"Startseite","item":"https:\/\/kiga-prappach.de\/"},{"@type":"ListItem","position":2,"name":"Zusammenarbeit mit den Eltern"}]},{"@type":"WebSite","@id":"https:\/\/kiga-prappach.de\/#website","url":"https:\/\/kiga-prappach.de\/","name":"Kindergarten St. Michael","description":"","publisher":{"@id":"https:\/\/kiga-prappach.de\/#organization"},"potentialAction":[{"@type":"SearchAction","target":{"@type":"EntryPoint","urlTemplate":"https:\/\/kiga-prappach.de\/?s={search_term_string}"},"query-input":{"@type":"PropertyValueSpecification","valueRequired":true,"valueName":"search_term_string"}}],"inLanguage":"de"},{"@type":"Organization","@id":"https:\/\/kiga-prappach.de\/#organization","name":"Kindergarten St. Michael","url":"https:\/\/kiga-prappach.de\/","logo":{"@type":"ImageObject","inLanguage":"de","@id":"https:\/\/kiga-prappach.de\/#\/schema\/logo\/image\/","url":"https:\/\/kiga-prappach.de\/wp-content\/uploads\/2021\/02\/cropped-cropped-Icon-Website-e1614960864949.jpg","contentUrl":"https:\/\/kiga-prappach.de\/wp-content\/uploads\/2021\/02\/cropped-cropped-Icon-Website-e1614960864949.jpg","width":50,"height":50,"caption":"Kindergarten St. Michael"},"image":{"@id":"https:\/\/kiga-prappach.de\/#\/schema\/logo\/image\/"}}]}},"jetpack_sharing_enabled":true,"_links":{"self":[{"href":"https:\/\/kiga-prappach.de\/index.php?rest_route=\/wp\/v2\/pages\/219","targetHints":{"allow":["GET"]}}],"collection":[{"href":"https:\/\/kiga-prappach.de\/index.php?rest_route=\/wp\/v2\/pages"}],"about":[{"href":"https:\/\/kiga-prappach.de\/index.php?rest_route=\/wp\/v2\/types\/page"}],"author":[{"embeddable":true,"href":"https:\/\/kiga-prappach.de\/index.php?rest_route=\/wp\/v2\/users\/1"}],"replies":[{"embeddable":true,"href":"https:\/\/kiga-prappach.de\/index.php?rest_route=%2Fwp%2Fv2%2Fcomments&post=219"}],"version-history":[{"count":3,"href":"https:\/\/kiga-prappach.de\/index.php?rest_route=\/wp\/v2\/pages\/219\/revisions"}],"predecessor-version":[{"id":512,"href":"https:\/\/kiga-prappach.de\/index.php?rest_route=\/wp\/v2\/pages\/219\/revisions\/512"}],"wp:attachment":[{"href":"https:\/\/kiga-prappach.de\/index.php?rest_route=%2Fwp%2Fv2%2Fmedia&parent=219"}],"curies":[{"name":"wp","href":"https:\/\/api.w.org\/{rel}","templated":true}]}}