{"id":209,"date":"2021-03-20T11:07:09","date_gmt":"2021-03-20T11:07:09","guid":{"rendered":"https:\/\/kindergartenwiki.de\/?page_id=209"},"modified":"2022-04-19T15:19:26","modified_gmt":"2022-04-19T15:19:26","slug":"ganzheitliche-erziehung","status":"publish","type":"page","link":"https:\/\/kiga-prappach.de\/?page_id=209","title":{"rendered":"Ganzheitliche Erziehung"},"content":{"rendered":"\n<p>Kinder lernen nicht nur mit dem Kopf, ihre Entwicklung besteht aus einem Zusammenspiel von K\u00f6rper, Geist und Seele. <\/p>\n\n\n\n<p>Wir m\u00f6chten Ihre Kinder in unserer Einrichtung auf dem Verst\u00e4ndnis der ganzheitlichen Erziehung betreuen, bilden und erziehen. <\/p>\n\n\n\n<p>Die Grundlage unserer t\u00e4glichen Arbeit ist der <strong>bayrische Bildungs- und Erziehungsplan (BEP)<\/strong>, in dem die Basiskompetenzen (F\u00e4higkeiten), Ressourcen (Fertigkeiten) und Haltungen festgelegt sind, die wir den Kindern vermitteln und mit ihnen umsetzen. <\/p>\n\n\n\n<p><strong>Basiskompetenzen<\/strong> sind personale Kompetenzen, Kompetenzen zum Handeln im sozialen Kontext, lernmethodische Kompetenzen und kompetenter Umgang mit Ver\u00e4nderungen und Belastungen. <\/p>\n\n\n\n<p>Mit <strong>personalen Kompetenzen<\/strong> sind F\u00e4higkeiten gemeint, die die Kinder in Bezug auf ihre Selbstwahrnehmung, ihre Motivation, ihren K\u00f6rper und ihren Geist mitbringen und in deren Entwicklung sie bei uns gef\u00f6rdert werden. <\/p>\n\n\n\n<p><strong>Kompetenzen zum Handeln im sozialen Kontext<\/strong> bezeichnet zum Beispiel die F\u00e4higkeiten, sich in einer Gemeinschaft zurechtzufinden, Werte zu entwickeln, Verantwortung zu \u00fcbernehmen &#8211; f\u00fcr sich f\u00fcr andere, f\u00fcr die Umwelt und bereit zu sein, in einer Demokratie zu leben. <\/p>\n\n\n\n<p>Ein Kind mit<strong> lernmethodischer Kompetenz<\/strong> kann in unterschiedlichen Situationen lernen, wei\u00df, z.B. dass ein Puzzle durch wiederholtes \u00dcben immer leichter f\u00e4llt; es kann erworbenes Wissen anwenden und \u00fcbertragen und eigenen Lernprozesse wahrnehmen und steuern. <\/p>\n\n\n\n<p>Ver\u00e4nderungen und Belastungen sind Teil unseres Lebens. Ein kompetenter Umgang damit bedeutet, diese anzunehmen, sich damit auseinanderzusetzen und gest\u00e4rkt aus diesen Situationen herauszugehen und nicht zu resignieren.<\/p>\n\n\n\n<p><span style=\"text-decoration: underline\" class=\"underline\">All diese Kompetenzen lernen die Kinder in den unterschiedlichen Bildungsbereichen, die im Kindergartenalltag zu finden sind:<\/span><\/p>\n\n\n\n<ul>\n<li>Wertorientierung und Religiosit\u00e4t<\/li>\n<li>Sprache und Literacy<\/li>\n<li>Mathematik<\/li>\n<li>Umwelt<\/li>\n<li>Musik<\/li>\n<li>Gesundheit<\/li>\n<li>Emotionalit\u00e4t, soziale Beziehungen und Konflikte<\/li>\n<li>Informations- und Kommunikationstechniken<\/li>\n<li>Naturwissenschaft und Technik<\/li>\n<li>\u00c4sthetik, Kunst und Kultur<\/li>\n<li>Bewegung, Rhythmik, Tanz und Sport<\/li>\n<\/ul>\n\n\n\n<p>Wenn Sie zu den einzelnen Kompetenzen und Bildungsbereichen ausf\u00fchrlichere Informationen w\u00fcnschen, k\u00f6nnen wir dies gerne gemeinsam besprechen. <\/p>\n\n\n\n<p>Vereinbaren Sie einfach einen Termin in unserem Kindergarten. <\/p>\n","protected":false},"excerpt":{"rendered":"<p>Kinder lernen nicht nur mit dem Kopf, ihre Entwicklung besteht aus einem Zusammenspiel von K\u00f6rper, Geist und Seele. Wir m\u00f6chten &hellip; <\/p>\n","protected":false},"author":1,"featured_media":0,"parent":0,"menu_order":0,"comment_status":"closed","ping_status":"closed","template":"","meta":{"inline_featured_image":false,"footnotes":""},"class_list":["post-209","page","type-page","status-publish","hentry","gallery-content-unit"],"yoast_head":"<!-- This site is optimized with the Yoast SEO plugin v26.6 - https:\/\/yoast.com\/wordpress\/plugins\/seo\/ -->\n<title>Ganzheitliche Erziehung - Kindergarten St. Michael<\/title>\n<meta name=\"robots\" content=\"index, follow, max-snippet:-1, max-image-preview:large, max-video-preview:-1\" \/>\n<link rel=\"canonical\" href=\"https:\/\/kiga-prappach.de\/?page_id=209\" \/>\n<meta property=\"og:locale\" content=\"de_DE\" \/>\n<meta property=\"og:type\" content=\"article\" \/>\n<meta property=\"og:title\" content=\"Ganzheitliche Erziehung - Kindergarten St. Michael\" \/>\n<meta property=\"og:description\" content=\"Kinder lernen nicht nur mit dem Kopf, ihre Entwicklung besteht aus einem Zusammenspiel von K\u00f6rper, Geist und Seele. Wir m\u00f6chten &hellip;\" \/>\n<meta property=\"og:url\" content=\"https:\/\/kiga-prappach.de\/?page_id=209\" \/>\n<meta property=\"og:site_name\" content=\"Kindergarten St. Michael\" \/>\n<meta property=\"article:modified_time\" content=\"2022-04-19T15:19:26+00:00\" \/>\n<meta name=\"twitter:card\" content=\"summary_large_image\" \/>\n<meta name=\"twitter:label1\" content=\"Gesch\u00e4tzte Lesezeit\" \/>\n\t<meta name=\"twitter:data1\" content=\"2\u00a0Minuten\" \/>\n<script type=\"application\/ld+json\" class=\"yoast-schema-graph\">{\"@context\":\"https:\/\/schema.org\",\"@graph\":[{\"@type\":\"WebPage\",\"@id\":\"https:\/\/kiga-prappach.de\/?page_id=209\",\"url\":\"https:\/\/kiga-prappach.de\/?page_id=209\",\"name\":\"Ganzheitliche Erziehung - Kindergarten St. Michael\",\"isPartOf\":{\"@id\":\"https:\/\/kiga-prappach.de\/#website\"},\"datePublished\":\"2021-03-20T11:07:09+00:00\",\"dateModified\":\"2022-04-19T15:19:26+00:00\",\"breadcrumb\":{\"@id\":\"https:\/\/kiga-prappach.de\/?page_id=209#breadcrumb\"},\"inLanguage\":\"de\",\"potentialAction\":[{\"@type\":\"ReadAction\",\"target\":[\"https:\/\/kiga-prappach.de\/?page_id=209\"]}]},{\"@type\":\"BreadcrumbList\",\"@id\":\"https:\/\/kiga-prappach.de\/?page_id=209#breadcrumb\",\"itemListElement\":[{\"@type\":\"ListItem\",\"position\":1,\"name\":\"Startseite\",\"item\":\"https:\/\/kiga-prappach.de\/\"},{\"@type\":\"ListItem\",\"position\":2,\"name\":\"Ganzheitliche Erziehung\"}]},{\"@type\":\"WebSite\",\"@id\":\"https:\/\/kiga-prappach.de\/#website\",\"url\":\"https:\/\/kiga-prappach.de\/\",\"name\":\"Kindergarten St. Michael\",\"description\":\"\",\"publisher\":{\"@id\":\"https:\/\/kiga-prappach.de\/#organization\"},\"potentialAction\":[{\"@type\":\"SearchAction\",\"target\":{\"@type\":\"EntryPoint\",\"urlTemplate\":\"https:\/\/kiga-prappach.de\/?s={search_term_string}\"},\"query-input\":{\"@type\":\"PropertyValueSpecification\",\"valueRequired\":true,\"valueName\":\"search_term_string\"}}],\"inLanguage\":\"de\"},{\"@type\":\"Organization\",\"@id\":\"https:\/\/kiga-prappach.de\/#organization\",\"name\":\"Kindergarten St. Michael\",\"url\":\"https:\/\/kiga-prappach.de\/\",\"logo\":{\"@type\":\"ImageObject\",\"inLanguage\":\"de\",\"@id\":\"https:\/\/kiga-prappach.de\/#\/schema\/logo\/image\/\",\"url\":\"https:\/\/kiga-prappach.de\/wp-content\/uploads\/2021\/02\/cropped-cropped-Icon-Website-e1614960864949.jpg\",\"contentUrl\":\"https:\/\/kiga-prappach.de\/wp-content\/uploads\/2021\/02\/cropped-cropped-Icon-Website-e1614960864949.jpg\",\"width\":50,\"height\":50,\"caption\":\"Kindergarten St. Michael\"},\"image\":{\"@id\":\"https:\/\/kiga-prappach.de\/#\/schema\/logo\/image\/\"}}]}<\/script>\n<!-- \/ Yoast SEO plugin. -->","yoast_head_json":{"title":"Ganzheitliche Erziehung - Kindergarten St. Michael","robots":{"index":"index","follow":"follow","max-snippet":"max-snippet:-1","max-image-preview":"max-image-preview:large","max-video-preview":"max-video-preview:-1"},"canonical":"https:\/\/kiga-prappach.de\/?page_id=209","og_locale":"de_DE","og_type":"article","og_title":"Ganzheitliche Erziehung - Kindergarten St. Michael","og_description":"Kinder lernen nicht nur mit dem Kopf, ihre Entwicklung besteht aus einem Zusammenspiel von K\u00f6rper, Geist und Seele. Wir m\u00f6chten &hellip;","og_url":"https:\/\/kiga-prappach.de\/?page_id=209","og_site_name":"Kindergarten St. Michael","article_modified_time":"2022-04-19T15:19:26+00:00","twitter_card":"summary_large_image","twitter_misc":{"Gesch\u00e4tzte Lesezeit":"2\u00a0Minuten"},"schema":{"@context":"https:\/\/schema.org","@graph":[{"@type":"WebPage","@id":"https:\/\/kiga-prappach.de\/?page_id=209","url":"https:\/\/kiga-prappach.de\/?page_id=209","name":"Ganzheitliche Erziehung - Kindergarten St. Michael","isPartOf":{"@id":"https:\/\/kiga-prappach.de\/#website"},"datePublished":"2021-03-20T11:07:09+00:00","dateModified":"2022-04-19T15:19:26+00:00","breadcrumb":{"@id":"https:\/\/kiga-prappach.de\/?page_id=209#breadcrumb"},"inLanguage":"de","potentialAction":[{"@type":"ReadAction","target":["https:\/\/kiga-prappach.de\/?page_id=209"]}]},{"@type":"BreadcrumbList","@id":"https:\/\/kiga-prappach.de\/?page_id=209#breadcrumb","itemListElement":[{"@type":"ListItem","position":1,"name":"Startseite","item":"https:\/\/kiga-prappach.de\/"},{"@type":"ListItem","position":2,"name":"Ganzheitliche Erziehung"}]},{"@type":"WebSite","@id":"https:\/\/kiga-prappach.de\/#website","url":"https:\/\/kiga-prappach.de\/","name":"Kindergarten St. Michael","description":"","publisher":{"@id":"https:\/\/kiga-prappach.de\/#organization"},"potentialAction":[{"@type":"SearchAction","target":{"@type":"EntryPoint","urlTemplate":"https:\/\/kiga-prappach.de\/?s={search_term_string}"},"query-input":{"@type":"PropertyValueSpecification","valueRequired":true,"valueName":"search_term_string"}}],"inLanguage":"de"},{"@type":"Organization","@id":"https:\/\/kiga-prappach.de\/#organization","name":"Kindergarten St. Michael","url":"https:\/\/kiga-prappach.de\/","logo":{"@type":"ImageObject","inLanguage":"de","@id":"https:\/\/kiga-prappach.de\/#\/schema\/logo\/image\/","url":"https:\/\/kiga-prappach.de\/wp-content\/uploads\/2021\/02\/cropped-cropped-Icon-Website-e1614960864949.jpg","contentUrl":"https:\/\/kiga-prappach.de\/wp-content\/uploads\/2021\/02\/cropped-cropped-Icon-Website-e1614960864949.jpg","width":50,"height":50,"caption":"Kindergarten St. Michael"},"image":{"@id":"https:\/\/kiga-prappach.de\/#\/schema\/logo\/image\/"}}]}},"jetpack_sharing_enabled":true,"_links":{"self":[{"href":"https:\/\/kiga-prappach.de\/index.php?rest_route=\/wp\/v2\/pages\/209","targetHints":{"allow":["GET"]}}],"collection":[{"href":"https:\/\/kiga-prappach.de\/index.php?rest_route=\/wp\/v2\/pages"}],"about":[{"href":"https:\/\/kiga-prappach.de\/index.php?rest_route=\/wp\/v2\/types\/page"}],"author":[{"embeddable":true,"href":"https:\/\/kiga-prappach.de\/index.php?rest_route=\/wp\/v2\/users\/1"}],"replies":[{"embeddable":true,"href":"https:\/\/kiga-prappach.de\/index.php?rest_route=%2Fwp%2Fv2%2Fcomments&post=209"}],"version-history":[{"count":4,"href":"https:\/\/kiga-prappach.de\/index.php?rest_route=\/wp\/v2\/pages\/209\/revisions"}],"predecessor-version":[{"id":661,"href":"https:\/\/kiga-prappach.de\/index.php?rest_route=\/wp\/v2\/pages\/209\/revisions\/661"}],"wp:attachment":[{"href":"https:\/\/kiga-prappach.de\/index.php?rest_route=%2Fwp%2Fv2%2Fmedia&parent=209"}],"curies":[{"name":"wp","href":"https:\/\/api.w.org\/{rel}","templated":true}]}}